{"id":279,"date":"2021-09-29T11:01:16","date_gmt":"2021-09-29T15:01:16","guid":{"rendered":"https:\/\/electricityalliance.ca\/news-insights\/"},"modified":"2021-10-06T16:03:31","modified_gmt":"2021-10-06T20:03:31","slug":"nouvelles-et-information","status":"publish","type":"page","link":"https:\/\/electricityalliance.thedev.ca\/fr\/nouvelles-et-information\/","title":{"rendered":"Nouvelles et information"},"content":{"rendered":"<form autocomplete=\"off\" name=\"wpv-filter-291\" action=\"\/fr\/wp-json\/wp\/v2\/pages\/279?wpv_view_count=291\" method=\"get\" class=\"wpv-filter-form js-wpv-filter-form js-wpv-filter-form-291 js-wpv-form-full js-wpv-ajax-results-submit-enabled\" data-viewnumber=\"291\" data-viewid=\"291\" data-viewhash=\"eyJuYW1lIjoibmV3cy1saXN0aW5nLXdpdGgtZmlsdGVycyJ9\" data-viewwidgetid=\"0\" data-orderby=\"\" data-order=\"\" data-orderbyas=\"\" data-orderbysecond=\"\" data-ordersecond=\"\" data-parametric=\"{&quot;query&quot;:&quot;normal&quot;,&quot;id&quot;:291,&quot;view_id&quot;:291,&quot;widget_id&quot;:0,&quot;view_hash&quot;:&quot;291&quot;,&quot;action&quot;:&quot;\\\/fr\\\/wp-json\\\/wp\\\/v2\\\/pages\\\/279?wpv_view_count=291&quot;,&quot;sort&quot;:{&quot;orderby&quot;:&quot;&quot;,&quot;order&quot;:&quot;&quot;,&quot;orderby_as&quot;:&quot;&quot;,&quot;orderby_second&quot;:&quot;&quot;,&quot;order_second&quot;:&quot;&quot;},&quot;orderby&quot;:&quot;&quot;,&quot;order&quot;:&quot;&quot;,&quot;orderby_as&quot;:&quot;&quot;,&quot;orderby_second&quot;:&quot;&quot;,&quot;order_second&quot;:&quot;&quot;,&quot;ajax_form&quot;:&quot;&quot;,&quot;ajax_results&quot;:&quot;&quot;,&quot;effect&quot;:&quot;fade&quot;,&quot;prebefore&quot;:&quot;&quot;,&quot;before&quot;:&quot;&quot;,&quot;after&quot;:&quot;&quot;,&quot;attributes&quot;:[],&quot;environment&quot;:{&quot;current_post_id&quot;:279,&quot;parent_post_id&quot;:279,&quot;parent_term_id&quot;:0,&quot;parent_user_id&quot;:0,&quot;archive&quot;:{&quot;type&quot;:&quot;&quot;,&quot;name&quot;:&quot;&quot;,&quot;data&quot;:[]}},&quot;loop&quot;:{&quot;type&quot;:&quot;&quot;,&quot;name&quot;:&quot;&quot;,&quot;data&quot;:[],&quot;id&quot;:0}}\" data-attributes=\"[]\" data-environment=\"{&quot;current_post_id&quot;:279,&quot;parent_post_id&quot;:279,&quot;parent_term_id&quot;:0,&quot;parent_user_id&quot;:0,&quot;archive&quot;:{&quot;type&quot;:&quot;&quot;,&quot;name&quot;:&quot;&quot;,&quot;data&quot;:[]}}\"><input type=\"hidden\" class=\"js-wpv-dps-filter-data js-wpv-filter-data-for-this-form\" data-action=\"\/fr\/wp-json\/wp\/v2\/pages\/279?wpv_view_count=291\" data-page=\"1\" data-ajax=\"disable\" data-effect=\"fade\" data-maxpages=\"1\" data-ajaxprebefore=\"\" data-ajaxbefore=\"\" data-ajaxafter=\"\" \/><input class=\"wpv_view_count wpv_view_count-291\" type=\"hidden\" name=\"wpv_view_count\" value=\"291\" \/>\n\n<div class=\"filter-form__container cf\">\n<div class=\"form_row cf\">\n<div class=\"form_column form_column__search\">\n<div class=\"form-group form-post-search\">\n<label for=\"wpv-post-search\"><span class=\"sr\">Champ de recherche<\/span><\/label>\n<input type=\"text\" name=\"wpv_post_search\"  class=\"js-wpv-filter-trigger-delayed\" placeholder=\"Champ de recherche\" \/>\n<\/div>\n<\/div>\n<div class=\"form_column form_column__filters\">\n<div class=\"form-group form-radio-buttons\">\n<label for=\"wpv-news-category\"><span class=\"sr\">Cat\u00e9gories de nouvelles<\/span><\/label>\n<input id=\"news-category-\" class=\"js-wpv-filter-trigger\" name=\"wpv-news-category\" type=\"radio\" value=\"0\" checked='checked'\/> <label for=\"news-category-\" class=\"radios-taxonomies-title\">Tous les articles<\/label><input type=\"radio\" id=\"news-category-publications-fr\" class=\"js-wpv-filter-trigger\" name=\"wpv-news-category\" value=\"publications-fr\" \/> <label for=\"news-category-publications-fr\" class=\"radios-taxonomies-title\">Publications<\/label>\n<input type=\"radio\" id=\"news-category-salle-des-medias\" class=\"js-wpv-filter-trigger\" name=\"wpv-news-category\" value=\"salle-des-medias\" \/> <label for=\"news-category-salle-des-medias\" class=\"radios-taxonomies-title\">Salle des m\u00e9dias<\/label>\n\n<\/div>\n<div class=\"form-group form-submit-button\">\n<button type=\"submit\" class=\"text-weight__medium text__uppercase custom_button__border_turquoise wpv-submit-trigger js-wpv-submit-trigger\">Soumettre<\/button>\n<\/div>\n<\/div>\n<\/div>\n<\/div>\n\n<\/form>\n<div id=\"wpv-view-layout-291\" class=\"js-wpv-view-layout js-wpv-layout-responsive js-wpv-view-layout-291 wpv-pagination js-wpv-layout-has-pagination js-wpv-layout-infinite-scrolling wpv-pagination-preload-images js-wpv-layout-preload-images wpv-pagination-preload-pages js-wpv-layout-preload-pages\" style=\"visibility:hidden;\" data-viewnumber=\"291\" data-pagination=\"{&quot;id&quot;:291,&quot;query&quot;:&quot;normal&quot;,&quot;type&quot;:&quot;ajaxed&quot;,&quot;effect&quot;:&quot;infinite&quot;,&quot;duration&quot;:500,&quot;speed&quot;:5,&quot;pause_on_hover&quot;:&quot;enabled&quot;,&quot;stop_rollover&quot;:&quot;false&quot;,&quot;cache_pages&quot;:&quot;enabled&quot;,&quot;preload_images&quot;:&quot;enabled&quot;,&quot;preload_pages&quot;:&quot;enabled&quot;,&quot;preload_reach&quot;:1,&quot;spinner&quot;:&quot;disabled&quot;,&quot;spinner_image&quot;:&quot;&quot;,&quot;callback_next&quot;:&quot;&quot;,&quot;manage_history&quot;:&quot;enabled&quot;,&quot;has_controls_in_form&quot;:&quot;disabled&quot;,&quot;infinite_tolerance&quot;:0,&quot;max_pages&quot;:1,&quot;page&quot;:1,&quot;base_permalink&quot;:&quot;\/fr\/wp-json\/wp\/v2\/pages\/279?wpv_view_count=291&amp;wpv_paged=WPV_PAGE_NUM&quot;,&quot;loop&quot;:{&quot;type&quot;:&quot;&quot;,&quot;name&quot;:&quot;&quot;,&quot;data&quot;:[],&quot;id&quot;:0}}\" data-permalink=\"\/fr\/wp-json\/wp\/v2\/pages\/279?wpv_view_count=291\">\n\n\t\n\t\n<div class=\"listing listing__news listing__with_filters listing__image_with_heading listing__news__3up cf margin-bottom__none\">\n\t<!-- WPV_Infinite_Scroll --><!-- WPV_Infinite_Scroll_Insert -->\n\t\t<a href=\"https:\/\/electricityalliance.thedev.ca\/fr\/news\/propusler-la-carboneutralite-exploiter-lavantage-du-canada-en-matiere-delectricite-propre-pour-une-decarbonisation-en-profondeur\/\" class=\"listing_item listing_item__id_449\"><div class=\"entry-featured-image has-background-image background-size-cover background-position-cc\" style=\"background-image:url(https:\/\/electricityalliance.thedev.ca\/wp-content\/uploads\/2021\/09\/banner_homepage.jpg);\"><\/div><div class=\"entry-heading\"><h2 class=\"entry-title listing_entry-title margin-top__none margin-bottom__none text-weight__medium\"><span class=\"link-text\">Propusler la carboneutralit\u00e9\u00a0: exploiter l\u2019avantage du Canada en mati\u00e8re d\u2019\u00e9lectricit\u00e9 propre\u2009pour une d\u00e9carbonisation en profondeur.<\/span><\/h2><\/div><div class=\"entry-meta margin-bottom__none\"><span class=\"entry-date text__uppercase\">16 novembre, 2022<\/span><\/div><\/a>\n\t\n\t\t<a href=\"https:\/\/electricityalliance.thedev.ca\/fr\/news\/alliance-delectricite-canada-se-rejouit-de-lappel-lance-par-lagence-internationale-de-lenergie-en-faveur-dun-soutien-accru-pour-la-transition-du-canada-ver\/\" class=\"listing_item listing_item__id_429\"><div class=\"entry-featured-image has-background-image background-size-cover background-position-cc\" style=\"background-image:url(https:\/\/electricityalliance.thedev.ca\/wp-content\/uploads\/2022\/02\/AdobeStock_125142058_Web.jpg);\"><\/div><div class=\"entry-heading\"><h2 class=\"entry-title listing_entry-title margin-top__none margin-bottom__none text-weight__medium\"><span class=\"link-text\">Alliance canadienne de l&rsquo;\u00e9lectricit\u00e9 se r\u00e9jouit de l\u2019appel lanc\u00e9 par l\u2019Agence internationale de l\u2019\u00e9nergie en faveur d\u2019un soutien accru pour la transition du Canada vers un secteur \u00e0 consommation \u00e9nerg\u00e9tique nette z\u00e9ro<\/span><\/h2><\/div><div class=\"entry-meta margin-bottom__none\"><span class=\"entry-date entry-publication-credits text__uppercase\">Communiqu\u00e9 de press, <\/span><span class=\"entry-date text__uppercase\">7 f\u00e9vrier, 2022<\/span><\/div><\/a>\n\t\n\t\t<a href=\"https:\/\/electricityalliance.thedev.ca\/fr\/news\/les-dirigeants-du-secteur-canadien-de-lelectricite-annoncent-la-formation-dune-nouvelle-alliance-qui-a-pour-objectif-datteindre-la-carboneutralite-au-canada\/\" class=\"listing_item listing_item__id_328\"><div class=\"entry-featured-image has-background-image background-size-cover background-position-cc\" style=\"background-image:url(https:\/\/electricityalliance.thedev.ca\/wp-content\/uploads\/2021\/10\/Canada-Space-1.jpg);\"><\/div><div class=\"entry-heading\"><h2 class=\"entry-title listing_entry-title margin-top__none margin-bottom__none text-weight__medium\"><span class=\"link-text\">Les dirigeants du secteur canadien de l\u2019\u00e9lectricit\u00e9 annoncent la formation d\u2019une nouvelle alliance qui a pour objectif d\u2019atteindre la carboneutralit\u00e9 au Canada<\/span><\/h2><\/div><div class=\"entry-meta margin-bottom__none\"><span class=\"entry-date entry-publication-credits text__uppercase\">Communiqu\u00e9 de presse, <\/span><span class=\"entry-date text__uppercase\">13 octobre, 2021<\/span><\/div><\/a>\n\t\n\t\t<a href=\"https:\/\/electricityalliance.thedev.ca\/fr\/news\/lelectricite-propre-element-essentiel-de-la-lutte-contre-le-changement-climatique-au-canada\/\" class=\"listing_item listing_item__id_337\"><div class=\"entry-featured-image has-background-image background-size-cover background-position-cc\" style=\"background-image:url(https:\/\/electricityalliance.thedev.ca\/wp-content\/uploads\/2021\/05\/transmission-tower-yellow-field.jpg);\"><\/div><div class=\"entry-heading\"><h2 class=\"entry-title listing_entry-title margin-top__none margin-bottom__none text-weight__medium\"><span class=\"link-text\">L\u2019\u00e9lectricit\u00e9 propre, \u00e9l\u00e9ment essentiel de la lutte contre le changement climatique au Canada<\/span><\/h2><\/div><div class=\"entry-meta margin-bottom__none\"><span class=\"entry-date entry-publication-credits text__uppercase\">Policy Magazine, <\/span><span class=\"entry-date text__uppercase\">12 mai, 2021<\/span><\/div><\/a>\n\t\n\t\t<a href=\"https:\/\/electricityalliance.thedev.ca\/fr\/news\/enquete-et-analyse-faites-par-les-meilleurs-experts-en-relation-publique-et-en-etude-de-marche-au-canada\/\" class=\"listing_item listing_item__id_373\"><div class=\"entry-featured-image has-background-image background-size-cover background-position-cc\" style=\"background-image:url(https:\/\/electricityalliance.thedev.ca\/wp-content\/uploads\/2021\/03\/506923247.jpg);\"><\/div><div class=\"entry-heading\"><h2 class=\"entry-title listing_entry-title margin-top__none margin-bottom__none text-weight__medium\"><span class=\"link-text\">Changements climatiques, consommation \u00e9nerg\u00e9tique et transition vers une \u00e9nergie propre: Enqu\u00eate et analyse faites par les meilleurs experts en relation publique et en \u00e9tude de march\u00e9 au Canada<\/span><\/h2><\/div><div class=\"entry-meta margin-bottom__none\"><span class=\"entry-date entry-publication-credits text__uppercase\">Sondage, <\/span><span class=\"entry-date text__uppercase\">1 mars, 2021<\/span><\/div><\/a>\n\t\n\t\t<a href=\"https:\/\/electricityalliance.thedev.ca\/fr\/news\/la-relance-economique-canadienne-repose-sur-lelectrification\/\" class=\"listing_item listing_item__id_338\"><div class=\"entry-featured-image has-background-image background-size-cover background-position-cc\" style=\"background-image:url(https:\/\/electricityalliance.thedev.ca\/wp-content\/uploads\/2021\/09\/woman-charging-her-electric-car.jpg);\"><\/div><div class=\"entry-heading\"><h2 class=\"entry-title listing_entry-title margin-top__none margin-bottom__none text-weight__medium\"><span class=\"link-text\">La relance \u00e9conomique canadienne repose sur l\u2019\u00e9lectrification<\/span><\/h2><\/div><div class=\"entry-meta margin-bottom__none\"><span class=\"entry-date entry-publication-credits text__uppercase\">Corporate Knights, <\/span><span class=\"entry-date text__uppercase\">1 septembre, 2020<\/span><\/div><\/a>\n\t<!-- WPV_Infinite_Scroll -->\n<\/div>\n\t\n\t\n\t\n   <div class=\"load-more__posts text-align__center\"><\/div>\n<\/div>\n\n","protected":false},"excerpt":{"rendered":"","protected":false},"author":1,"featured_media":100,"parent":0,"menu_order":0,"comment_status":"closed","ping_status":"closed","template":"","meta":[],"coauthors":[12],"acf":[],"yoast_head":"<!-- This site is optimized with the Yoast SEO plugin v21.1 - https:\/\/yoast.com\/wordpress\/plugins\/seo\/ -->\n<title>Nouvelles et information - Alliance canadienne de l\u2019\u00e9lectricit\u00e9<\/title>\n<meta name=\"robots\" content=\"index, follow, max-snippet:-1, max-image-preview:large, max-video-preview:-1\" \/>\n<link rel=\"canonical\" href=\"https:\/\/electricityalliance.thedev.ca\/news-insights\/\" \/>\n<meta property=\"og:locale\" content=\"fr_FR\" \/>\n<meta property=\"og:type\" content=\"article\" \/>\n<meta property=\"og:title\" content=\"Nouvelles et information - Alliance canadienne de l\u2019\u00e9lectricit\u00e9\" \/>\n<meta property=\"og:url\" content=\"https:\/\/electricityalliance.thedev.ca\/news-insights\/\" \/>\n<meta property=\"og:site_name\" content=\"Alliance canadienne de l\u2019\u00e9lectricit\u00e9\" \/>\n<meta property=\"article:modified_time\" content=\"2021-10-06T20:03:31+00:00\" \/>\n<meta property=\"og:image\" content=\"https:\/\/electricityalliance.thedev.ca\/wp-content\/uploads\/2021\/09\/banner-news-v2.jpg\" \/>\n\t<meta property=\"og:image:width\" content=\"1600\" \/>\n\t<meta property=\"og:image:height\" content=\"988\" \/>\n\t<meta property=\"og:image:type\" content=\"image\/jpeg\" \/>\n<meta name=\"twitter:card\" content=\"summary_large_image\" \/>\n<script type=\"application\/ld+json\" class=\"yoast-schema-graph\">{\"@context\":\"https:\/\/schema.org\",\"@graph\":[{\"@type\":\"WebPage\",\"@id\":\"https:\/\/electricityalliance.thedev.ca\/news-insights\/\",\"url\":\"https:\/\/electricityalliance.thedev.ca\/news-insights\/\",\"name\":\"Nouvelles et information - Alliance canadienne de l\u2019\u00e9lectricit\u00e9\",\"isPartOf\":{\"@id\":\"https:\/\/electricityalliance.thedev.ca\/#website\"},\"datePublished\":\"2021-09-29T15:01:16+00:00\",\"dateModified\":\"2021-10-06T20:03:31+00:00\",\"breadcrumb\":{\"@id\":\"https:\/\/electricityalliance.thedev.ca\/news-insights\/#breadcrumb\"},\"inLanguage\":\"fr-FR\",\"potentialAction\":[{\"@type\":\"ReadAction\",\"target\":[\"https:\/\/electricityalliance.thedev.ca\/news-insights\/\"]}]},{\"@type\":\"BreadcrumbList\",\"@id\":\"https:\/\/electricityalliance.thedev.ca\/news-insights\/#breadcrumb\",\"itemListElement\":[{\"@type\":\"ListItem\",\"position\":1,\"name\":\"Home\",\"item\":\"https:\/\/electricityalliance.thedev.ca\/fr\/\"},{\"@type\":\"ListItem\",\"position\":2,\"name\":\"Nouvelles et information\"}]},{\"@type\":\"WebSite\",\"@id\":\"https:\/\/electricityalliance.thedev.ca\/#website\",\"url\":\"https:\/\/electricityalliance.thedev.ca\/\",\"name\":\"Alliance canadienne de l\u2019\u00e9lectricit\u00e9\",\"description\":\"\",\"potentialAction\":[{\"@type\":\"SearchAction\",\"target\":{\"@type\":\"EntryPoint\",\"urlTemplate\":\"https:\/\/electricityalliance.thedev.ca\/?s={search_term_string}\"},\"query-input\":\"required name=search_term_string\"}],\"inLanguage\":\"fr-FR\"}]}<\/script>\n<!-- \/ Yoast SEO plugin. -->","yoast_head_json":{"title":"Nouvelles et information - Alliance canadienne de l\u2019\u00e9lectricit\u00e9","robots":{"index":"index","follow":"follow","max-snippet":"max-snippet:-1","max-image-preview":"max-image-preview:large","max-video-preview":"max-video-preview:-1"},"canonical":"https:\/\/electricityalliance.thedev.ca\/news-insights\/","og_locale":"fr_FR","og_type":"article","og_title":"Nouvelles et information - Alliance canadienne de l\u2019\u00e9lectricit\u00e9","og_url":"https:\/\/electricityalliance.thedev.ca\/news-insights\/","og_site_name":"Alliance canadienne de l\u2019\u00e9lectricit\u00e9","article_modified_time":"2021-10-06T20:03:31+00:00","og_image":[{"width":1600,"height":988,"url":"https:\/\/electricityalliance.thedev.ca\/wp-content\/uploads\/2021\/09\/banner-news-v2.jpg","type":"image\/jpeg"}],"twitter_card":"summary_large_image","schema":{"@context":"https:\/\/schema.org","@graph":[{"@type":"WebPage","@id":"https:\/\/electricityalliance.thedev.ca\/news-insights\/","url":"https:\/\/electricityalliance.thedev.ca\/news-insights\/","name":"Nouvelles et information - Alliance canadienne de l\u2019\u00e9lectricit\u00e9","isPartOf":{"@id":"https:\/\/electricityalliance.thedev.ca\/#website"},"datePublished":"2021-09-29T15:01:16+00:00","dateModified":"2021-10-06T20:03:31+00:00","breadcrumb":{"@id":"https:\/\/electricityalliance.thedev.ca\/news-insights\/#breadcrumb"},"inLanguage":"fr-FR","potentialAction":[{"@type":"ReadAction","target":["https:\/\/electricityalliance.thedev.ca\/news-insights\/"]}]},{"@type":"BreadcrumbList","@id":"https:\/\/electricityalliance.thedev.ca\/news-insights\/#breadcrumb","itemListElement":[{"@type":"ListItem","position":1,"name":"Home","item":"https:\/\/electricityalliance.thedev.ca\/fr\/"},{"@type":"ListItem","position":2,"name":"Nouvelles et information"}]},{"@type":"WebSite","@id":"https:\/\/electricityalliance.thedev.ca\/#website","url":"https:\/\/electricityalliance.thedev.ca\/","name":"Alliance canadienne de l\u2019\u00e9lectricit\u00e9","description":"","potentialAction":[{"@type":"SearchAction","target":{"@type":"EntryPoint","urlTemplate":"https:\/\/electricityalliance.thedev.ca\/?s={search_term_string}"},"query-input":"required name=search_term_string"}],"inLanguage":"fr-FR"}]}},"_links":{"self":[{"href":"https:\/\/electricityalliance.thedev.ca\/fr\/wp-json\/wp\/v2\/pages\/279"}],"collection":[{"href":"https:\/\/electricityalliance.thedev.ca\/fr\/wp-json\/wp\/v2\/pages"}],"about":[{"href":"https:\/\/electricityalliance.thedev.ca\/fr\/wp-json\/wp\/v2\/types\/page"}],"author":[{"embeddable":true,"href":"https:\/\/electricityalliance.thedev.ca\/fr\/wp-json\/wp\/v2\/users\/1"}],"replies":[{"embeddable":true,"href":"https:\/\/electricityalliance.thedev.ca\/fr\/wp-json\/wp\/v2\/comments?post=279"}],"version-history":[{"count":2,"href":"https:\/\/electricityalliance.thedev.ca\/fr\/wp-json\/wp\/v2\/pages\/279\/revisions"}],"predecessor-version":[{"id":347,"href":"https:\/\/electricityalliance.thedev.ca\/fr\/wp-json\/wp\/v2\/pages\/279\/revisions\/347"}],"wp:featuredmedia":[{"embeddable":true,"href":"https:\/\/electricityalliance.thedev.ca\/fr\/wp-json\/wp\/v2\/media\/100"}],"wp:attachment":[{"href":"https:\/\/electricityalliance.thedev.ca\/fr\/wp-json\/wp\/v2\/media?parent=279"}],"wp:term":[{"taxonomy":"author","embeddable":true,"href":"https:\/\/electricityalliance.thedev.ca\/fr\/wp-json\/wp\/v2\/coauthors?post=279"}],"curies":[{"name":"wp","href":"https:\/\/api.w.org\/{rel}","templated":true}]}}